{"id":1319,"date":"2021-11-21T15:14:19","date_gmt":"2021-11-21T15:14:19","guid":{"rendered":"https:\/\/calzadoslaplazoleta.es\/wordpress\/index.php\/about\/"},"modified":"2023-01-17T09:52:07","modified_gmt":"2023-01-17T09:52:07","slug":"sobre-mi","status":"publish","type":"page","link":"https:\/\/joseherrerafotos.es\/index.php\/sobre-mi\/","title":{"rendered":"Sobre Mi"},"content":{"rendered":"\t\t<div data-elementor-type=\"wp-page\" data-elementor-id=\"1319\" class=\"elementor elementor-1319\">\n\t\t\t\t\t\t<section class=\"elementor-section elementor-top-section elementor-element elementor-element-c8ddeb6 elementor-section-height-min-height elementor-section-full_width elementor-section-height-default elementor-section-items-middle\" data-id=\"c8ddeb6\" data-element_type=\"section\" data-settings=\"{&quot;background_background&quot;:&quot;classic&quot;}\">\n\t\t\t\t\t\t\t<div class=\"elementor-background-overlay\"><\/div>\n\t\t\t\t\t\t\t<div class=\"elementor-container elementor-column-gap-default\">\n\t\t\t\t\t<div class=\"elementor-column elementor-col-100 elementor-top-column elementor-element elementor-element-6a5337e\" data-id=\"6a5337e\" data-element_type=\"column\">\n\t\t\t<div class=\"elementor-widget-wrap elementor-element-populated\">\n\t\t\t\t\t\t<div class=\"elementor-element elementor-element-0663b7b elementor-widget__width-inherit elementor-widget elementor-widget-image\" data-id=\"0663b7b\" data-element_type=\"widget\" data-widget_type=\"image.default\">\n\t\t\t\t<div class=\"elementor-widget-container\">\n\t\t\t<style>\/*! elementor - v3.20.0 - 20-03-2024 *\/\n.elementor-widget-image{text-align:center}.elementor-widget-image a{display:inline-block}.elementor-widget-image a img[src$=\".svg\"]{width:48px}.elementor-widget-image img{vertical-align:middle;display:inline-block}<\/style>\t\t\t\t\t\t\t\t\t\t<img decoding=\"async\" src=\"https:\/\/joseherrerafotos.es\/wp-content\/uploads\/2022\/12\/2017-12-31-18-55-29-4-2.jpg\" title=\"\" alt=\"\" loading=\"lazy\" \/>\t\t\t\t\t\t\t\t\t\t\t\t\t<\/div>\n\t\t\t\t<\/div>\n\t\t\t\t<div class=\"elementor-element elementor-element-feefb6c elementor-widget elementor-widget-heading\" data-id=\"feefb6c\" data-element_type=\"widget\" data-widget_type=\"heading.default\">\n\t\t\t\t<div class=\"elementor-widget-container\">\n\t\t\t<style>\/*! elementor - v3.20.0 - 20-03-2024 *\/\n.elementor-heading-title{padding:0;margin:0;line-height:1}.elementor-widget-heading .elementor-heading-title[class*=elementor-size-]>a{color:inherit;font-size:inherit;line-height:inherit}.elementor-widget-heading .elementor-heading-title.elementor-size-small{font-size:15px}.elementor-widget-heading .elementor-heading-title.elementor-size-medium{font-size:19px}.elementor-widget-heading .elementor-heading-title.elementor-size-large{font-size:29px}.elementor-widget-heading .elementor-heading-title.elementor-size-xl{font-size:39px}.elementor-widget-heading .elementor-heading-title.elementor-size-xxl{font-size:59px}<\/style><h1 class=\"elementor-heading-title elementor-size-default\">Sobre mi<\/h1>\t\t<\/div>\n\t\t\t\t<\/div>\n\t\t\t\t\t<\/div>\n\t\t<\/div>\n\t\t\t\t\t<\/div>\n\t\t<\/section>\n\t\t\t\t<section class=\"elementor-section elementor-top-section elementor-element elementor-element-034f786 elementor-section-boxed elementor-section-height-default elementor-section-height-default\" data-id=\"034f786\" data-element_type=\"section\">\n\t\t\t\t\t\t<div class=\"elementor-container elementor-column-gap-default\">\n\t\t\t\t\t<div class=\"elementor-column elementor-col-100 elementor-top-column elementor-element elementor-element-ba0c118\" data-id=\"ba0c118\" data-element_type=\"column\">\n\t\t\t<div class=\"elementor-widget-wrap elementor-element-populated\">\n\t\t\t\t\t\t<div class=\"elementor-element elementor-element-3dc998b elementor-widget elementor-widget-heading\" data-id=\"3dc998b\" data-element_type=\"widget\" data-widget_type=\"heading.default\">\n\t\t\t\t<div class=\"elementor-widget-container\">\n\t\t\t<h4 class=\"elementor-heading-title elementor-size-default\">Hola, soy Jos\u00e9 Herrera apasionado de la fotograf\u00eda de naturaleza, aunque tambi\u00e9n ver\u00e9is en mi galer\u00eda fotos del mundo del deporte, macro extremo, astrofotograf\u00eda, timelapse, viajes... y como no, fotos de mi  Sanl\u00facar, de sus monumentos, calles, fiestas y  sus espectaculares atardeceres.<\/h4>\t\t<\/div>\n\t\t\t\t<\/div>\n\t\t\t\t<div class=\"elementor-element elementor-element-9fdb291 elementor-widget elementor-widget-image\" data-id=\"9fdb291\" data-element_type=\"widget\" data-widget_type=\"image.default\">\n\t\t\t\t<div class=\"elementor-widget-container\">\n\t\t\t\t\t\t\t\t\t\t\t\t\t<img decoding=\"async\" src=\"https:\/\/joseherrerafotos.es\/wp-content\/uploads\/2021\/11\/contact-hero.jpg\" title=\"\" alt=\"\" loading=\"lazy\" \/>\t\t\t\t\t\t\t\t\t\t\t\t\t<\/div>\n\t\t\t\t<\/div>\n\t\t\t\t\t<\/div>\n\t\t<\/div>\n\t\t\t\t\t<\/div>\n\t\t<\/section>\n\t\t\t\t<\/div>\n\t\t","protected":false},"excerpt":{"rendered":"<p>Sobre mi Hola, soy Jos\u00e9 Herrera apasionado de la fotograf\u00eda de naturaleza, aunque tambi\u00e9n ver\u00e9is en mi galer\u00eda fotos del mundo del deporte, macro extremo, astrofotograf\u00eda, timelapse, viajes&#8230; y como no, fotos de mi Sanl\u00facar, de sus monumentos, calles, fiestas y sus espectaculares atardeceres.<\/p>\n","protected":false},"author":1,"featured_media":0,"parent":0,"menu_order":0,"comment_status":"closed","ping_status":"closed","template":"","meta":{"site-sidebar-layout":"no-sidebar","site-content-layout":"page-builder","ast-site-content-layout":"default","site-content-style":"default","site-sidebar-style":"default","ast-global-header-display":"","ast-banner-title-visibility":"","ast-main-header-display":"","ast-hfb-above-header-display":"","ast-hfb-below-header-display":"","ast-hfb-mobile-header-display":"","site-post-title":"disabled","ast-breadcrumbs-content":"","ast-featured-img":"disabled","footer-sml-layout":"","ast-disable-related-posts":"","theme-transparent-header-meta":"enabled","adv-header-id-meta":"","stick-header-meta":"","header-above-stick-meta":"","header-main-stick-meta":"","header-below-stick-meta":"","astra-migrate-meta-layouts":"default","ast-page-background-enabled":"default","ast-page-background-meta":{"desktop":{"background-color":"var(--ast-global-color-4)","background-image":"","background-repeat":"repeat","background-position":"center center","background-size":"auto","background-attachment":"scroll","background-type":"","background-media":"","overlay-type":"","overlay-color":"","overlay-opacity":"","overlay-gradient":""},"tablet":{"background-color":"","background-image":"","background-repeat":"repeat","background-position":"center center","background-size":"auto","background-attachment":"scroll","background-type":"","background-media":"","overlay-type":"","overlay-color":"","overlay-opacity":"","overlay-gradient":""},"mobile":{"background-color":"","background-image":"","background-repeat":"repeat","background-position":"center center","background-size":"auto","background-attachment":"scroll","background-type":"","background-media":"","overlay-type":"","overlay-color":"","overlay-opacity":"","overlay-gradient":""}},"ast-content-background-meta":{"desktop":{"background-color":"var(--ast-global-color-5)","background-image":"","background-repeat":"repeat","background-position":"center center","background-size":"auto","background-attachment":"scroll","background-type":"","background-media":"","overlay-type":"","overlay-color":"","overlay-opacity":"","overlay-gradient":""},"tablet":{"background-color":"var(--ast-global-color-5)","background-image":"","background-repeat":"repeat","background-position":"center center","background-size":"auto","background-attachment":"scroll","background-type":"","background-media":"","overlay-type":"","overlay-color":"","overlay-opacity":"","overlay-gradient":""},"mobile":{"background-color":"var(--ast-global-color-5)","background-image":"","background-repeat":"repeat","background-position":"center center","background-size":"auto","background-attachment":"scroll","background-type":"","background-media":"","overlay-type":"","overlay-color":"","overlay-opacity":"","overlay-gradient":""}},"footnotes":""},"class_list":["post-1319","page","type-page","status-publish","hentry"],"yoast_head":"<!-- This site is optimized with the Yoast SEO plugin v27.3 - https:\/\/yoast.com\/product\/yoast-seo-wordpress\/ -->\n<title>Sobre Mi - Galer\u00eda fotogr\u00e1fica<\/title>\n<meta name=\"robots\" content=\"index, follow, max-snippet:-1, max-image-preview:large, max-video-preview:-1\" \/>\n<link rel=\"canonical\" href=\"https:\/\/joseherrerafotos.es\/index.php\/sobre-mi\/\" \/>\n<meta property=\"og:locale\" content=\"es_ES\" \/>\n<meta property=\"og:type\" content=\"article\" \/>\n<meta property=\"og:title\" content=\"Sobre Mi - Galer\u00eda fotogr\u00e1fica\" \/>\n<meta property=\"og:description\" content=\"Sobre mi Hola, soy Jos\u00e9 Herrera apasionado de la fotograf\u00eda de naturaleza, aunque tambi\u00e9n ver\u00e9is en mi galer\u00eda fotos del mundo del deporte, macro extremo, astrofotograf\u00eda, timelapse, viajes&#8230; y como no, fotos de mi Sanl\u00facar, de sus monumentos, calles, fiestas y sus espectaculares atardeceres.\" \/>\n<meta property=\"og:url\" content=\"https:\/\/joseherrerafotos.es\/index.php\/sobre-mi\/\" \/>\n<meta property=\"og:site_name\" content=\"Galer\u00eda fotogr\u00e1fica\" \/>\n<meta property=\"article:modified_time\" content=\"2023-01-17T09:52:07+00:00\" \/>\n<meta property=\"og:image\" content=\"https:\/\/joseherrerafotos.es\/wp-content\/uploads\/2022\/12\/2017-12-31-18-55-29-4-2.jpg\" \/>\n<meta name=\"twitter:card\" content=\"summary_large_image\" \/>\n<meta name=\"twitter:label1\" content=\"Tiempo de lectura\" \/>\n\t<meta name=\"twitter:data1\" content=\"2 minutos\" \/>\n<script type=\"application\/ld+json\" class=\"yoast-schema-graph\">{\"@context\":\"https:\\\/\\\/schema.org\",\"@graph\":[{\"@type\":\"WebPage\",\"@id\":\"https:\\\/\\\/joseherrerafotos.es\\\/index.php\\\/sobre-mi\\\/\",\"url\":\"https:\\\/\\\/joseherrerafotos.es\\\/index.php\\\/sobre-mi\\\/\",\"name\":\"Sobre Mi - Galer\u00eda fotogr\u00e1fica\",\"isPartOf\":{\"@id\":\"https:\\\/\\\/joseherrerafotos.es\\\/#website\"},\"primaryImageOfPage\":{\"@id\":\"https:\\\/\\\/joseherrerafotos.es\\\/index.php\\\/sobre-mi\\\/#primaryimage\"},\"image\":{\"@id\":\"https:\\\/\\\/joseherrerafotos.es\\\/index.php\\\/sobre-mi\\\/#primaryimage\"},\"thumbnailUrl\":\"https:\\\/\\\/joseherrerafotos.es\\\/wp-content\\\/uploads\\\/2022\\\/12\\\/2017-12-31-18-55-29-4-2.jpg\",\"datePublished\":\"2021-11-21T15:14:19+00:00\",\"dateModified\":\"2023-01-17T09:52:07+00:00\",\"breadcrumb\":{\"@id\":\"https:\\\/\\\/joseherrerafotos.es\\\/index.php\\\/sobre-mi\\\/#breadcrumb\"},\"inLanguage\":\"es\",\"potentialAction\":[{\"@type\":\"ReadAction\",\"target\":[\"https:\\\/\\\/joseherrerafotos.es\\\/index.php\\\/sobre-mi\\\/\"]}]},{\"@type\":\"ImageObject\",\"inLanguage\":\"es\",\"@id\":\"https:\\\/\\\/joseherrerafotos.es\\\/index.php\\\/sobre-mi\\\/#primaryimage\",\"url\":\"https:\\\/\\\/joseherrerafotos.es\\\/wp-content\\\/uploads\\\/2022\\\/12\\\/2017-12-31-18-55-29-4-2.jpg\",\"contentUrl\":\"https:\\\/\\\/joseherrerafotos.es\\\/wp-content\\\/uploads\\\/2022\\\/12\\\/2017-12-31-18-55-29-4-2.jpg\"},{\"@type\":\"BreadcrumbList\",\"@id\":\"https:\\\/\\\/joseherrerafotos.es\\\/index.php\\\/sobre-mi\\\/#breadcrumb\",\"itemListElement\":[{\"@type\":\"ListItem\",\"position\":1,\"name\":\"Portada\",\"item\":\"https:\\\/\\\/joseherrerafotos.es\\\/\"},{\"@type\":\"ListItem\",\"position\":2,\"name\":\"Sobre Mi\"}]},{\"@type\":\"WebSite\",\"@id\":\"https:\\\/\\\/joseherrerafotos.es\\\/#website\",\"url\":\"https:\\\/\\\/joseherrerafotos.es\\\/\",\"name\":\"Galer\u00eda Fotogr\u00e1fica\",\"description\":\"\",\"publisher\":{\"@id\":\"https:\\\/\\\/joseherrerafotos.es\\\/#\\\/schema\\\/person\\\/79602835cc2440d2f3aa2b87d6dc9cf0\"},\"alternateName\":\"Fotos Sanl\u00facar\",\"potentialAction\":[{\"@type\":\"SearchAction\",\"target\":{\"@type\":\"EntryPoint\",\"urlTemplate\":\"https:\\\/\\\/joseherrerafotos.es\\\/?s={search_term_string}\"},\"query-input\":{\"@type\":\"PropertyValueSpecification\",\"valueRequired\":true,\"valueName\":\"search_term_string\"}}],\"inLanguage\":\"es\"},{\"@type\":[\"Person\",\"Organization\"],\"@id\":\"https:\\\/\\\/joseherrerafotos.es\\\/#\\\/schema\\\/person\\\/79602835cc2440d2f3aa2b87d6dc9cf0\",\"name\":\"admin\",\"image\":{\"@type\":\"ImageObject\",\"inLanguage\":\"es\",\"@id\":\"https:\\\/\\\/joseherrerafotos.es\\\/wp-content\\\/uploads\\\/2023\\\/01\\\/avatar.jpg\",\"url\":\"https:\\\/\\\/joseherrerafotos.es\\\/wp-content\\\/uploads\\\/2023\\\/01\\\/avatar.jpg\",\"contentUrl\":\"https:\\\/\\\/joseherrerafotos.es\\\/wp-content\\\/uploads\\\/2023\\\/01\\\/avatar.jpg\",\"width\":1937,\"height\":1937,\"caption\":\"admin\"},\"logo\":{\"@id\":\"https:\\\/\\\/joseherrerafotos.es\\\/wp-content\\\/uploads\\\/2023\\\/01\\\/avatar.jpg\"},\"sameAs\":[\"https:\\\/\\\/joseherrerafotos.es\"]}]}<\/script>\n<!-- \/ Yoast SEO plugin. -->","yoast_head_json":{"title":"Sobre Mi - Galer\u00eda fotogr\u00e1fica","robots":{"index":"index","follow":"follow","max-snippet":"max-snippet:-1","max-image-preview":"max-image-preview:large","max-video-preview":"max-video-preview:-1"},"canonical":"https:\/\/joseherrerafotos.es\/index.php\/sobre-mi\/","og_locale":"es_ES","og_type":"article","og_title":"Sobre Mi - Galer\u00eda fotogr\u00e1fica","og_description":"Sobre mi Hola, soy Jos\u00e9 Herrera apasionado de la fotograf\u00eda de naturaleza, aunque tambi\u00e9n ver\u00e9is en mi galer\u00eda fotos del mundo del deporte, macro extremo, astrofotograf\u00eda, timelapse, viajes&#8230; y como no, fotos de mi Sanl\u00facar, de sus monumentos, calles, fiestas y sus espectaculares atardeceres.","og_url":"https:\/\/joseherrerafotos.es\/index.php\/sobre-mi\/","og_site_name":"Galer\u00eda fotogr\u00e1fica","article_modified_time":"2023-01-17T09:52:07+00:00","og_image":[{"url":"https:\/\/joseherrerafotos.es\/wp-content\/uploads\/2022\/12\/2017-12-31-18-55-29-4-2.jpg","type":"","width":"","height":""}],"twitter_card":"summary_large_image","twitter_misc":{"Tiempo de lectura":"2 minutos"},"schema":{"@context":"https:\/\/schema.org","@graph":[{"@type":"WebPage","@id":"https:\/\/joseherrerafotos.es\/index.php\/sobre-mi\/","url":"https:\/\/joseherrerafotos.es\/index.php\/sobre-mi\/","name":"Sobre Mi - Galer\u00eda fotogr\u00e1fica","isPartOf":{"@id":"https:\/\/joseherrerafotos.es\/#website"},"primaryImageOfPage":{"@id":"https:\/\/joseherrerafotos.es\/index.php\/sobre-mi\/#primaryimage"},"image":{"@id":"https:\/\/joseherrerafotos.es\/index.php\/sobre-mi\/#primaryimage"},"thumbnailUrl":"https:\/\/joseherrerafotos.es\/wp-content\/uploads\/2022\/12\/2017-12-31-18-55-29-4-2.jpg","datePublished":"2021-11-21T15:14:19+00:00","dateModified":"2023-01-17T09:52:07+00:00","breadcrumb":{"@id":"https:\/\/joseherrerafotos.es\/index.php\/sobre-mi\/#breadcrumb"},"inLanguage":"es","potentialAction":[{"@type":"ReadAction","target":["https:\/\/joseherrerafotos.es\/index.php\/sobre-mi\/"]}]},{"@type":"ImageObject","inLanguage":"es","@id":"https:\/\/joseherrerafotos.es\/index.php\/sobre-mi\/#primaryimage","url":"https:\/\/joseherrerafotos.es\/wp-content\/uploads\/2022\/12\/2017-12-31-18-55-29-4-2.jpg","contentUrl":"https:\/\/joseherrerafotos.es\/wp-content\/uploads\/2022\/12\/2017-12-31-18-55-29-4-2.jpg"},{"@type":"BreadcrumbList","@id":"https:\/\/joseherrerafotos.es\/index.php\/sobre-mi\/#breadcrumb","itemListElement":[{"@type":"ListItem","position":1,"name":"Portada","item":"https:\/\/joseherrerafotos.es\/"},{"@type":"ListItem","position":2,"name":"Sobre Mi"}]},{"@type":"WebSite","@id":"https:\/\/joseherrerafotos.es\/#website","url":"https:\/\/joseherrerafotos.es\/","name":"Galer\u00eda Fotogr\u00e1fica","description":"","publisher":{"@id":"https:\/\/joseherrerafotos.es\/#\/schema\/person\/79602835cc2440d2f3aa2b87d6dc9cf0"},"alternateName":"Fotos Sanl\u00facar","potentialAction":[{"@type":"SearchAction","target":{"@type":"EntryPoint","urlTemplate":"https:\/\/joseherrerafotos.es\/?s={search_term_string}"},"query-input":{"@type":"PropertyValueSpecification","valueRequired":true,"valueName":"search_term_string"}}],"inLanguage":"es"},{"@type":["Person","Organization"],"@id":"https:\/\/joseherrerafotos.es\/#\/schema\/person\/79602835cc2440d2f3aa2b87d6dc9cf0","name":"admin","image":{"@type":"ImageObject","inLanguage":"es","@id":"https:\/\/joseherrerafotos.es\/wp-content\/uploads\/2023\/01\/avatar.jpg","url":"https:\/\/joseherrerafotos.es\/wp-content\/uploads\/2023\/01\/avatar.jpg","contentUrl":"https:\/\/joseherrerafotos.es\/wp-content\/uploads\/2023\/01\/avatar.jpg","width":1937,"height":1937,"caption":"admin"},"logo":{"@id":"https:\/\/joseherrerafotos.es\/wp-content\/uploads\/2023\/01\/avatar.jpg"},"sameAs":["https:\/\/joseherrerafotos.es"]}]}},"_links":{"self":[{"href":"https:\/\/joseherrerafotos.es\/index.php\/wp-json\/wp\/v2\/pages\/1319","targetHints":{"allow":["GET"]}}],"collection":[{"href":"https:\/\/joseherrerafotos.es\/index.php\/wp-json\/wp\/v2\/pages"}],"about":[{"href":"https:\/\/joseherrerafotos.es\/index.php\/wp-json\/wp\/v2\/types\/page"}],"author":[{"embeddable":true,"href":"https:\/\/joseherrerafotos.es\/index.php\/wp-json\/wp\/v2\/users\/1"}],"replies":[{"embeddable":true,"href":"https:\/\/joseherrerafotos.es\/index.php\/wp-json\/wp\/v2\/comments?post=1319"}],"version-history":[{"count":86,"href":"https:\/\/joseherrerafotos.es\/index.php\/wp-json\/wp\/v2\/pages\/1319\/revisions"}],"predecessor-version":[{"id":3079,"href":"https:\/\/joseherrerafotos.es\/index.php\/wp-json\/wp\/v2\/pages\/1319\/revisions\/3079"}],"wp:attachment":[{"href":"https:\/\/joseherrerafotos.es\/index.php\/wp-json\/wp\/v2\/media?parent=1319"}],"curies":[{"name":"wp","href":"https:\/\/api.w.org\/{rel}","templated":true}]}}