{"id":1318,"date":"2021-11-21T15:12:46","date_gmt":"2021-11-21T15:12:46","guid":{"rendered":"https:\/\/calzadoslaplazoleta.es\/wordpress\/index.php\/home\/"},"modified":"2023-01-21T10:22:48","modified_gmt":"2023-01-21T10:22:48","slug":"venta-de-fotos","status":"publish","type":"page","link":"https:\/\/joseherrerafotos.es\/","title":{"rendered":"Inicio"},"content":{"rendered":"\t\t<div data-elementor-type=\"wp-page\" data-elementor-id=\"1318\" class=\"elementor elementor-1318\">\n\t\t\t\t\t\t<section class=\"elementor-section elementor-top-section elementor-element elementor-element-ca7541c elementor-section-height-min-height elementor-section-full_width elementor-section-items-top elementor-section-height-default\" data-id=\"ca7541c\" data-element_type=\"section\" data-settings=\"{&quot;background_background&quot;:&quot;classic&quot;}\">\n\t\t\t\t\t\t\t<div class=\"elementor-background-overlay\"><\/div>\n\t\t\t\t\t\t\t<div class=\"elementor-container elementor-column-gap-default\">\n\t\t\t\t\t<div class=\"elementor-column elementor-col-100 elementor-top-column elementor-element elementor-element-be10890\" data-id=\"be10890\" data-element_type=\"column\">\n\t\t\t<div class=\"elementor-widget-wrap elementor-element-populated\">\n\t\t\t\t\t\t<div class=\"elementor-element elementor-element-02500f6 elementor-widget elementor-widget-heading\" data-id=\"02500f6\" data-element_type=\"widget\" data-widget_type=\"heading.default\">\n\t\t\t\t<div class=\"elementor-widget-container\">\n\t\t\t<style>\/*! elementor - v3.20.0 - 20-03-2024 *\/\n.elementor-heading-title{padding:0;margin:0;line-height:1}.elementor-widget-heading .elementor-heading-title[class*=elementor-size-]>a{color:inherit;font-size:inherit;line-height:inherit}.elementor-widget-heading .elementor-heading-title.elementor-size-small{font-size:15px}.elementor-widget-heading .elementor-heading-title.elementor-size-medium{font-size:19px}.elementor-widget-heading .elementor-heading-title.elementor-size-large{font-size:29px}.elementor-widget-heading .elementor-heading-title.elementor-size-xl{font-size:39px}.elementor-widget-heading .elementor-heading-title.elementor-size-xxl{font-size:59px}<\/style><h1 class=\"elementor-heading-title elementor-size-default\">Jos\u00e9 Herrera<\/h1>\t\t<\/div>\n\t\t\t\t<\/div>\n\t\t\t\t<div class=\"elementor-element elementor-element-c5b0d70 elementor-widget elementor-widget-heading\" data-id=\"c5b0d70\" data-element_type=\"widget\" data-widget_type=\"heading.default\">\n\t\t\t\t<div class=\"elementor-widget-container\">\n\t\t\t<h1 class=\"elementor-heading-title elementor-size-default\">Galer\u00eda Fotogr\u00e1fica<\/h1>\t\t<\/div>\n\t\t\t\t<\/div>\n\t\t\t\t<div class=\"elementor-element elementor-element-f654a0d elementor-widget elementor-widget-heading\" data-id=\"f654a0d\" data-element_type=\"widget\" data-widget_type=\"heading.default\">\n\t\t\t\t<div class=\"elementor-widget-container\">\n\t\t\t<h1 class=\"elementor-heading-title elementor-size-default\">Venta de fotograf\u00edas<\/h1>\t\t<\/div>\n\t\t\t\t<\/div>\n\t\t\t\t\t<\/div>\n\t\t<\/div>\n\t\t\t\t\t<\/div>\n\t\t<\/section>\n\t\t\t\t<section class=\"elementor-section elementor-top-section elementor-element elementor-element-9ec7052 elementor-section-boxed elementor-section-height-default elementor-section-height-default\" data-id=\"9ec7052\" data-element_type=\"section\">\n\t\t\t\t\t\t<div class=\"elementor-container elementor-column-gap-default\">\n\t\t\t\t\t<div class=\"elementor-column elementor-col-100 elementor-top-column elementor-element elementor-element-6905426\" data-id=\"6905426\" data-element_type=\"column\">\n\t\t\t<div class=\"elementor-widget-wrap elementor-element-populated\">\n\t\t\t\t\t\t<div class=\"elementor-element elementor-element-db63a17 elementor-widget elementor-widget-heading\" data-id=\"db63a17\" data-element_type=\"widget\" data-widget_type=\"heading.default\">\n\t\t\t\t<div class=\"elementor-widget-container\">\n\t\t\t<h2 class=\"elementor-heading-title elementor-size-default\">Gracias a la colaboraci\u00f3n de <b>Estudio Foto Ricardo<\/b> y <b>Rotulaciones Grafiko<\/b> puedes imprimir cualquier foto de la galer\u00eda al instante. <\/h2>\t\t<\/div>\n\t\t\t\t<\/div>\n\t\t\t\t<div class=\"elementor-element elementor-element-4558c2f elementor-align-center elementor-widget elementor-widget-button\" data-id=\"4558c2f\" data-element_type=\"widget\" data-widget_type=\"button.default\">\n\t\t\t\t<div class=\"elementor-widget-container\">\n\t\t\t\t\t<div class=\"elementor-button-wrapper\">\n\t\t\t<a class=\"elementor-button elementor-button-link elementor-size-sm\" href=\"https:\/\/joseherrerafotos.es\/index.php\/servicios\/\">\n\t\t\t\t\t\t<span class=\"elementor-button-content-wrapper\">\n\t\t\t\t\t\t<span class=\"elementor-button-text\">M\u00e1s Informaci\u00f3n<\/span>\n\t\t<\/span>\n\t\t\t\t\t<\/a>\n\t\t<\/div>\n\t\t\t\t<\/div>\n\t\t\t\t<\/div>\n\t\t\t\t\t<\/div>\n\t\t<\/div>\n\t\t\t\t\t<\/div>\n\t\t<\/section>\n\t\t\t\t<section class=\"elementor-section elementor-top-section elementor-element elementor-element-7701125 elementor-section-content-top elementor-section-boxed elementor-section-height-default elementor-section-height-default\" data-id=\"7701125\" data-element_type=\"section\">\n\t\t\t\t\t\t<div class=\"elementor-container elementor-column-gap-default\">\n\t\t\t\t\t<div class=\"elementor-column elementor-col-100 elementor-top-column elementor-element elementor-element-9ad04ba\" data-id=\"9ad04ba\" data-element_type=\"column\">\n\t\t\t<div class=\"elementor-widget-wrap elementor-element-populated\">\n\t\t\t\t\t\t<div class=\"elementor-element elementor-element-13ae7bf elementor-widget elementor-widget-heading\" data-id=\"13ae7bf\" data-element_type=\"widget\" data-widget_type=\"heading.default\">\n\t\t\t\t<div class=\"elementor-widget-container\">\n\t\t\t<h2 class=\"elementor-heading-title elementor-size-default\">Galer\u00edas<\/h2>\t\t<\/div>\n\t\t\t\t<\/div>\n\t\t\t\t<section class=\"elementor-section elementor-inner-section elementor-element elementor-element-ef970f2 elementor-section-full_width elementor-section-content-top elementor-section-height-default elementor-section-height-default\" data-id=\"ef970f2\" data-element_type=\"section\">\n\t\t\t\t\t\t<div class=\"elementor-container elementor-column-gap-default\">\n\t\t\t\t\t<div class=\"elementor-column elementor-col-25 elementor-inner-column elementor-element elementor-element-fd27b31\" data-id=\"fd27b31\" data-element_type=\"column\">\n\t\t\t<div class=\"elementor-widget-wrap elementor-element-populated\">\n\t\t\t\t\t\t<div class=\"elementor-element elementor-element-1e4bc45 elementor-widget elementor-widget-image\" data-id=\"1e4bc45\" data-element_type=\"widget\" data-widget_type=\"image.default\">\n\t\t\t\t<div class=\"elementor-widget-container\">\n\t\t\t<style>\/*! elementor - v3.20.0 - 20-03-2024 *\/\n.elementor-widget-image{text-align:center}.elementor-widget-image a{display:inline-block}.elementor-widget-image a img[src$=\".svg\"]{width:48px}.elementor-widget-image img{vertical-align:middle;display:inline-block}<\/style>\t\t\t\t\t\t\t\t\t\t\t<a href=\"https:\/\/joseherrerafotos.es\/index.php\/sanlucar\/#sanlucar\">\n\t\t\t\t\t\t\t<img decoding=\"async\" src=\"https:\/\/joseherrerafotos.es\/wp-content\/uploads\/2021-menus\/menu-sanlucar.jpg\" title=\"\" alt=\"\" loading=\"lazy\" \/>\t\t\t\t\t\t\t\t<\/a>\n\t\t\t\t\t\t\t\t\t\t\t\t\t<\/div>\n\t\t\t\t<\/div>\n\t\t\t\t<div class=\"elementor-element elementor-element-54a2f8d elementor-widget elementor-widget-image-box\" data-id=\"54a2f8d\" data-element_type=\"widget\" data-widget_type=\"image-box.default\">\n\t\t\t\t<div class=\"elementor-widget-container\">\n\t\t\t<style>\/*! elementor - v3.20.0 - 20-03-2024 *\/\n.elementor-widget-image-box .elementor-image-box-content{width:100%}@media (min-width:768px){.elementor-widget-image-box.elementor-position-left .elementor-image-box-wrapper,.elementor-widget-image-box.elementor-position-right .elementor-image-box-wrapper{display:flex}.elementor-widget-image-box.elementor-position-right .elementor-image-box-wrapper{text-align:right;flex-direction:row-reverse}.elementor-widget-image-box.elementor-position-left .elementor-image-box-wrapper{text-align:left;flex-direction:row}.elementor-widget-image-box.elementor-position-top .elementor-image-box-img{margin:auto}.elementor-widget-image-box.elementor-vertical-align-top .elementor-image-box-wrapper{align-items:flex-start}.elementor-widget-image-box.elementor-vertical-align-middle .elementor-image-box-wrapper{align-items:center}.elementor-widget-image-box.elementor-vertical-align-bottom .elementor-image-box-wrapper{align-items:flex-end}}@media (max-width:767px){.elementor-widget-image-box .elementor-image-box-img{margin-left:auto!important;margin-right:auto!important;margin-bottom:15px}}.elementor-widget-image-box .elementor-image-box-img{display:inline-block}.elementor-widget-image-box .elementor-image-box-title a{color:inherit}.elementor-widget-image-box .elementor-image-box-wrapper{text-align:center}.elementor-widget-image-box .elementor-image-box-description{margin:0}<\/style><div class=\"elementor-image-box-wrapper\"><div class=\"elementor-image-box-content\"><h3 class=\"elementor-image-box-title\">Sanl\u00facar<\/h3><p class=\"elementor-image-box-description\">Monumentos, Plazas y calles, gastronom\u00eda, bodegas y atardeceres.<\/p><\/div><\/div>\t\t<\/div>\n\t\t\t\t<\/div>\n\t\t\t\t\t<\/div>\n\t\t<\/div>\n\t\t\t\t<div class=\"elementor-column elementor-col-25 elementor-inner-column elementor-element elementor-element-e6971ee\" data-id=\"e6971ee\" data-element_type=\"column\">\n\t\t\t<div class=\"elementor-widget-wrap elementor-element-populated\">\n\t\t\t\t\t\t<div class=\"elementor-element elementor-element-bff2ac9 elementor-widget elementor-widget-image\" data-id=\"bff2ac9\" data-element_type=\"widget\" data-widget_type=\"image.default\">\n\t\t\t\t<div class=\"elementor-widget-container\">\n\t\t\t\t\t\t\t\t\t\t\t\t\t\t<a href=\"https:\/\/joseherrerafotos.es\/index.php\/naturaleza\/#naturaleza\">\n\t\t\t\t\t\t\t<img decoding=\"async\" src=\"https:\/\/joseherrerafotos.es\/wp-content\/uploads\/2021-menus\/menu-ciervo.jpg\" title=\"\" alt=\"\" loading=\"lazy\" \/>\t\t\t\t\t\t\t\t<\/a>\n\t\t\t\t\t\t\t\t\t\t\t\t\t<\/div>\n\t\t\t\t<\/div>\n\t\t\t\t<div class=\"elementor-element elementor-element-f07647b elementor-widget elementor-widget-image-box\" data-id=\"f07647b\" data-element_type=\"widget\" data-widget_type=\"image-box.default\">\n\t\t\t\t<div class=\"elementor-widget-container\">\n\t\t\t<div class=\"elementor-image-box-wrapper\"><div class=\"elementor-image-box-content\"><h3 class=\"elementor-image-box-title\">Naturaleza<\/h3><p class=\"elementor-image-box-description\">Fauna y flora que nos ofrece el Parque Natural Do\u00f1ana.<\/p><\/div><\/div>\t\t<\/div>\n\t\t\t\t<\/div>\n\t\t\t\t\t<\/div>\n\t\t<\/div>\n\t\t\t\t<div class=\"elementor-column elementor-col-25 elementor-inner-column elementor-element elementor-element-b809155\" data-id=\"b809155\" data-element_type=\"column\">\n\t\t\t<div class=\"elementor-widget-wrap elementor-element-populated\">\n\t\t\t\t\t\t<div class=\"elementor-element elementor-element-6b792a3 elementor-widget elementor-widget-image\" data-id=\"6b792a3\" data-element_type=\"widget\" data-widget_type=\"image.default\">\n\t\t\t\t<div class=\"elementor-widget-container\">\n\t\t\t\t\t\t\t\t\t\t\t\t\t\t<a href=\"https:\/\/joseherrerafotos.es\/index.php\/semana-santa\/#ss\">\n\t\t\t\t\t\t\t<img decoding=\"async\" src=\"https:\/\/joseherrerafotos.es\/wp-content\/uploads\/2021-menus\/menu-carreras.jpg\" title=\"\" alt=\"\" loading=\"lazy\" \/>\t\t\t\t\t\t\t\t<\/a>\n\t\t\t\t\t\t\t\t\t\t\t\t\t<\/div>\n\t\t\t\t<\/div>\n\t\t\t\t<div class=\"elementor-element elementor-element-1d1e836 elementor-widget elementor-widget-image-box\" data-id=\"1d1e836\" data-element_type=\"widget\" data-widget_type=\"image-box.default\">\n\t\t\t\t<div class=\"elementor-widget-container\">\n\t\t\t<div class=\"elementor-image-box-wrapper\"><div class=\"elementor-image-box-content\"><h3 class=\"elementor-image-box-title\">Fiestas y Tradici\u00f3n<\/h3><p class=\"elementor-image-box-description\">Feria de la Manzanilla, Carreras de Caballos, Semana Santa y El Roc\u00edo. <\/p><\/div><\/div>\t\t<\/div>\n\t\t\t\t<\/div>\n\t\t\t\t\t<\/div>\n\t\t<\/div>\n\t\t\t\t<div class=\"elementor-column elementor-col-25 elementor-inner-column elementor-element elementor-element-719967b\" data-id=\"719967b\" data-element_type=\"column\">\n\t\t\t<div class=\"elementor-widget-wrap elementor-element-populated\">\n\t\t\t\t\t\t<div class=\"elementor-element elementor-element-e7017da elementor-widget elementor-widget-image\" data-id=\"e7017da\" data-element_type=\"widget\" data-widget_type=\"image.default\">\n\t\t\t\t<div class=\"elementor-widget-container\">\n\t\t\t\t\t\t\t\t\t\t\t\t\t\t<a href=\"https:\/\/joseherrerafotos.es\/index.php\/miscelanea\/#mis\">\n\t\t\t\t\t\t\t<img decoding=\"async\" src=\"https:\/\/joseherrerafotos.es\/wp-content\/uploads\/2021-menus\/menu-miscelanea.jpg\" title=\"\" alt=\"\" loading=\"lazy\" \/>\t\t\t\t\t\t\t\t<\/a>\n\t\t\t\t\t\t\t\t\t\t\t\t\t<\/div>\n\t\t\t\t<\/div>\n\t\t\t\t<div class=\"elementor-element elementor-element-2653bb6 elementor-widget elementor-widget-image-box\" data-id=\"2653bb6\" data-element_type=\"widget\" data-widget_type=\"image-box.default\">\n\t\t\t\t<div class=\"elementor-widget-container\">\n\t\t\t<div class=\"elementor-image-box-wrapper\"><div class=\"elementor-image-box-content\"><h3 class=\"elementor-image-box-title\">Miscel\u00e1nea<\/h3><p class=\"elementor-image-box-description\">Eventos deportivos, Timelaps, Macro Extremo, Foto 360\u00ba, Astrofotograf\u00eda, <\/p><\/div><\/div>\t\t<\/div>\n\t\t\t\t<\/div>\n\t\t\t\t\t<\/div>\n\t\t<\/div>\n\t\t\t\t\t<\/div>\n\t\t<\/section>\n\t\t\t\t\t<\/div>\n\t\t<\/div>\n\t\t\t\t\t<\/div>\n\t\t<\/section>\n\t\t\t\t<\/div>\n\t\t","protected":false},"excerpt":{"rendered":"<p>Jos\u00e9 Herrera Galer\u00eda Fotogr\u00e1fica Venta de fotograf\u00edas Gracias a la colaboraci\u00f3n de Estudio Foto Ricardo y Rotulaciones Grafiko puedes imprimir cualquier foto de la galer\u00eda al instante. M\u00e1s Informaci\u00f3n Galer\u00edas Sanl\u00facar Monumentos, Plazas y calles, gastronom\u00eda, bodegas y atardeceres. Naturaleza Fauna y flora que nos ofrece el Parque Natural Do\u00f1ana. Fiestas y Tradici\u00f3n Feria de [&hellip;]<\/p>\n","protected":false},"author":1,"featured_media":0,"parent":0,"menu_order":0,"comment_status":"closed","ping_status":"closed","template":"","meta":{"site-sidebar-layout":"no-sidebar","site-content-layout":"page-builder","ast-site-content-layout":"default","site-content-style":"default","site-sidebar-style":"default","ast-global-header-display":"","ast-banner-title-visibility":"","ast-main-header-display":"","ast-hfb-above-header-display":"","ast-hfb-below-header-display":"","ast-hfb-mobile-header-display":"","site-post-title":"disabled","ast-breadcrumbs-content":"","ast-featured-img":"disabled","footer-sml-layout":"","ast-disable-related-posts":"","theme-transparent-header-meta":"enabled","adv-header-id-meta":"","stick-header-meta":"","header-above-stick-meta":"","header-main-stick-meta":"","header-below-stick-meta":"","astra-migrate-meta-layouts":"default","ast-page-background-enabled":"default","ast-page-background-meta":{"desktop":{"background-color":"var(--ast-global-color-4)","background-image":"","background-repeat":"repeat","background-position":"center center","background-size":"auto","background-attachment":"scroll","background-type":"","background-media":"","overlay-type":"","overlay-color":"","overlay-opacity":"","overlay-gradient":""},"tablet":{"background-color":"","background-image":"","background-repeat":"repeat","background-position":"center center","background-size":"auto","background-attachment":"scroll","background-type":"","background-media":"","overlay-type":"","overlay-color":"","overlay-opacity":"","overlay-gradient":""},"mobile":{"background-color":"","background-image":"","background-repeat":"repeat","background-position":"center center","background-size":"auto","background-attachment":"scroll","background-type":"","background-media":"","overlay-type":"","overlay-color":"","overlay-opacity":"","overlay-gradient":""}},"ast-content-background-meta":{"desktop":{"background-color":"var(--ast-global-color-5)","background-image":"","background-repeat":"repeat","background-position":"center center","background-size":"auto","background-attachment":"scroll","background-type":"","background-media":"","overlay-type":"","overlay-color":"","overlay-opacity":"","overlay-gradient":""},"tablet":{"background-color":"var(--ast-global-color-5)","background-image":"","background-repeat":"repeat","background-position":"center center","background-size":"auto","background-attachment":"scroll","background-type":"","background-media":"","overlay-type":"","overlay-color":"","overlay-opacity":"","overlay-gradient":""},"mobile":{"background-color":"var(--ast-global-color-5)","background-image":"","background-repeat":"repeat","background-position":"center center","background-size":"auto","background-attachment":"scroll","background-type":"","background-media":"","overlay-type":"","overlay-color":"","overlay-opacity":"","overlay-gradient":""}},"footnotes":""},"class_list":["post-1318","page","type-page","status-publish","hentry"],"yoast_head":"<!-- This site is optimized with the Yoast SEO plugin v27.3 - https:\/\/yoast.com\/product\/yoast-seo-wordpress\/ -->\n<title>Inicio - Galer\u00eda fotogr\u00e1fica<\/title>\n<meta name=\"description\" content=\"Galer\u00eda fotogr\u00e1fica dedicada a Sanl\u00facar de Barrameda y su entorno. Vistas panor\u00e1micas, monumentos, feria, carreras de caballos y gastronom\u00eda.\" \/>\n<meta name=\"robots\" content=\"index, follow, max-snippet:-1, max-image-preview:large, max-video-preview:-1\" \/>\n<link rel=\"canonical\" href=\"https:\/\/joseherrerafotos.es\/\" \/>\n<meta property=\"og:locale\" content=\"es_ES\" \/>\n<meta property=\"og:type\" content=\"article\" \/>\n<meta property=\"og:title\" content=\"Inicio - Galer\u00eda fotogr\u00e1fica\" \/>\n<meta property=\"og:description\" content=\"Galer\u00eda fotogr\u00e1fica dedicada a Sanl\u00facar de Barrameda y su entorno. Vistas panor\u00e1micas, monumentos, feria, carreras de caballos y gastronom\u00eda.\" \/>\n<meta property=\"og:url\" content=\"https:\/\/joseherrerafotos.es\/\" \/>\n<meta property=\"og:site_name\" content=\"Galer\u00eda fotogr\u00e1fica\" \/>\n<meta property=\"article:modified_time\" content=\"2023-01-21T10:22:48+00:00\" \/>\n<meta property=\"og:image\" content=\"https:\/\/joseherrerafotos.es\/wp-content\/uploads\/2021-menus\/menu-sanlucar.jpg\" \/>\n<meta name=\"twitter:card\" content=\"summary_large_image\" \/>\n<meta name=\"twitter:label1\" content=\"Tiempo de lectura\" \/>\n\t<meta name=\"twitter:data1\" content=\"2 minutos\" \/>\n<script type=\"application\/ld+json\" class=\"yoast-schema-graph\">{\"@context\":\"https:\\\/\\\/schema.org\",\"@graph\":[{\"@type\":\"WebPage\",\"@id\":\"https:\\\/\\\/joseherrerafotos.es\\\/\",\"url\":\"https:\\\/\\\/joseherrerafotos.es\\\/\",\"name\":\"Inicio - Galer\u00eda fotogr\u00e1fica\",\"isPartOf\":{\"@id\":\"https:\\\/\\\/joseherrerafotos.es\\\/#website\"},\"primaryImageOfPage\":{\"@id\":\"https:\\\/\\\/joseherrerafotos.es\\\/#primaryimage\"},\"image\":{\"@id\":\"https:\\\/\\\/joseherrerafotos.es\\\/#primaryimage\"},\"thumbnailUrl\":\"https:\\\/\\\/joseherrerafotos.es\\\/wp-content\\\/uploads\\\/2021-menus\\\/menu-sanlucar.jpg\",\"datePublished\":\"2021-11-21T15:12:46+00:00\",\"dateModified\":\"2023-01-21T10:22:48+00:00\",\"description\":\"Galer\u00eda fotogr\u00e1fica dedicada a Sanl\u00facar de Barrameda y su entorno. Vistas panor\u00e1micas, monumentos, feria, carreras de caballos y gastronom\u00eda.\",\"breadcrumb\":{\"@id\":\"https:\\\/\\\/joseherrerafotos.es\\\/#breadcrumb\"},\"inLanguage\":\"es\",\"potentialAction\":[{\"@type\":\"ReadAction\",\"target\":[\"https:\\\/\\\/joseherrerafotos.es\\\/\"]}]},{\"@type\":\"ImageObject\",\"inLanguage\":\"es\",\"@id\":\"https:\\\/\\\/joseherrerafotos.es\\\/#primaryimage\",\"url\":\"https:\\\/\\\/joseherrerafotos.es\\\/wp-content\\\/uploads\\\/2021-menus\\\/menu-sanlucar.jpg\",\"contentUrl\":\"https:\\\/\\\/joseherrerafotos.es\\\/wp-content\\\/uploads\\\/2021-menus\\\/menu-sanlucar.jpg\"},{\"@type\":\"BreadcrumbList\",\"@id\":\"https:\\\/\\\/joseherrerafotos.es\\\/#breadcrumb\",\"itemListElement\":[{\"@type\":\"ListItem\",\"position\":1,\"name\":\"Portada\",\"item\":\"https:\\\/\\\/joseherrerafotos.es\\\/\"},{\"@type\":\"ListItem\",\"position\":2,\"name\":\"Inicio\"}]},{\"@type\":\"WebSite\",\"@id\":\"https:\\\/\\\/joseherrerafotos.es\\\/#website\",\"url\":\"https:\\\/\\\/joseherrerafotos.es\\\/\",\"name\":\"Galer\u00eda Fotogr\u00e1fica\",\"description\":\"\",\"publisher\":{\"@id\":\"https:\\\/\\\/joseherrerafotos.es\\\/#\\\/schema\\\/person\\\/79602835cc2440d2f3aa2b87d6dc9cf0\"},\"alternateName\":\"Fotos Sanl\u00facar\",\"potentialAction\":[{\"@type\":\"SearchAction\",\"target\":{\"@type\":\"EntryPoint\",\"urlTemplate\":\"https:\\\/\\\/joseherrerafotos.es\\\/?s={search_term_string}\"},\"query-input\":{\"@type\":\"PropertyValueSpecification\",\"valueRequired\":true,\"valueName\":\"search_term_string\"}}],\"inLanguage\":\"es\"},{\"@type\":[\"Person\",\"Organization\"],\"@id\":\"https:\\\/\\\/joseherrerafotos.es\\\/#\\\/schema\\\/person\\\/79602835cc2440d2f3aa2b87d6dc9cf0\",\"name\":\"admin\",\"image\":{\"@type\":\"ImageObject\",\"inLanguage\":\"es\",\"@id\":\"https:\\\/\\\/joseherrerafotos.es\\\/wp-content\\\/uploads\\\/2023\\\/01\\\/avatar.jpg\",\"url\":\"https:\\\/\\\/joseherrerafotos.es\\\/wp-content\\\/uploads\\\/2023\\\/01\\\/avatar.jpg\",\"contentUrl\":\"https:\\\/\\\/joseherrerafotos.es\\\/wp-content\\\/uploads\\\/2023\\\/01\\\/avatar.jpg\",\"width\":1937,\"height\":1937,\"caption\":\"admin\"},\"logo\":{\"@id\":\"https:\\\/\\\/joseherrerafotos.es\\\/wp-content\\\/uploads\\\/2023\\\/01\\\/avatar.jpg\"},\"sameAs\":[\"https:\\\/\\\/joseherrerafotos.es\"]}]}<\/script>\n<!-- \/ Yoast SEO plugin. -->","yoast_head_json":{"title":"Inicio - Galer\u00eda fotogr\u00e1fica","description":"Galer\u00eda fotogr\u00e1fica dedicada a Sanl\u00facar de Barrameda y su entorno. Vistas panor\u00e1micas, monumentos, feria, carreras de caballos y gastronom\u00eda.","robots":{"index":"index","follow":"follow","max-snippet":"max-snippet:-1","max-image-preview":"max-image-preview:large","max-video-preview":"max-video-preview:-1"},"canonical":"https:\/\/joseherrerafotos.es\/","og_locale":"es_ES","og_type":"article","og_title":"Inicio - Galer\u00eda fotogr\u00e1fica","og_description":"Galer\u00eda fotogr\u00e1fica dedicada a Sanl\u00facar de Barrameda y su entorno. Vistas panor\u00e1micas, monumentos, feria, carreras de caballos y gastronom\u00eda.","og_url":"https:\/\/joseherrerafotos.es\/","og_site_name":"Galer\u00eda fotogr\u00e1fica","article_modified_time":"2023-01-21T10:22:48+00:00","og_image":[{"url":"https:\/\/joseherrerafotos.es\/wp-content\/uploads\/2021-menus\/menu-sanlucar.jpg","type":"","width":"","height":""}],"twitter_card":"summary_large_image","twitter_misc":{"Tiempo de lectura":"2 minutos"},"schema":{"@context":"https:\/\/schema.org","@graph":[{"@type":"WebPage","@id":"https:\/\/joseherrerafotos.es\/","url":"https:\/\/joseherrerafotos.es\/","name":"Inicio - Galer\u00eda fotogr\u00e1fica","isPartOf":{"@id":"https:\/\/joseherrerafotos.es\/#website"},"primaryImageOfPage":{"@id":"https:\/\/joseherrerafotos.es\/#primaryimage"},"image":{"@id":"https:\/\/joseherrerafotos.es\/#primaryimage"},"thumbnailUrl":"https:\/\/joseherrerafotos.es\/wp-content\/uploads\/2021-menus\/menu-sanlucar.jpg","datePublished":"2021-11-21T15:12:46+00:00","dateModified":"2023-01-21T10:22:48+00:00","description":"Galer\u00eda fotogr\u00e1fica dedicada a Sanl\u00facar de Barrameda y su entorno. Vistas panor\u00e1micas, monumentos, feria, carreras de caballos y gastronom\u00eda.","breadcrumb":{"@id":"https:\/\/joseherrerafotos.es\/#breadcrumb"},"inLanguage":"es","potentialAction":[{"@type":"ReadAction","target":["https:\/\/joseherrerafotos.es\/"]}]},{"@type":"ImageObject","inLanguage":"es","@id":"https:\/\/joseherrerafotos.es\/#primaryimage","url":"https:\/\/joseherrerafotos.es\/wp-content\/uploads\/2021-menus\/menu-sanlucar.jpg","contentUrl":"https:\/\/joseherrerafotos.es\/wp-content\/uploads\/2021-menus\/menu-sanlucar.jpg"},{"@type":"BreadcrumbList","@id":"https:\/\/joseherrerafotos.es\/#breadcrumb","itemListElement":[{"@type":"ListItem","position":1,"name":"Portada","item":"https:\/\/joseherrerafotos.es\/"},{"@type":"ListItem","position":2,"name":"Inicio"}]},{"@type":"WebSite","@id":"https:\/\/joseherrerafotos.es\/#website","url":"https:\/\/joseherrerafotos.es\/","name":"Galer\u00eda Fotogr\u00e1fica","description":"","publisher":{"@id":"https:\/\/joseherrerafotos.es\/#\/schema\/person\/79602835cc2440d2f3aa2b87d6dc9cf0"},"alternateName":"Fotos Sanl\u00facar","potentialAction":[{"@type":"SearchAction","target":{"@type":"EntryPoint","urlTemplate":"https:\/\/joseherrerafotos.es\/?s={search_term_string}"},"query-input":{"@type":"PropertyValueSpecification","valueRequired":true,"valueName":"search_term_string"}}],"inLanguage":"es"},{"@type":["Person","Organization"],"@id":"https:\/\/joseherrerafotos.es\/#\/schema\/person\/79602835cc2440d2f3aa2b87d6dc9cf0","name":"admin","image":{"@type":"ImageObject","inLanguage":"es","@id":"https:\/\/joseherrerafotos.es\/wp-content\/uploads\/2023\/01\/avatar.jpg","url":"https:\/\/joseherrerafotos.es\/wp-content\/uploads\/2023\/01\/avatar.jpg","contentUrl":"https:\/\/joseherrerafotos.es\/wp-content\/uploads\/2023\/01\/avatar.jpg","width":1937,"height":1937,"caption":"admin"},"logo":{"@id":"https:\/\/joseherrerafotos.es\/wp-content\/uploads\/2023\/01\/avatar.jpg"},"sameAs":["https:\/\/joseherrerafotos.es"]}]}},"_links":{"self":[{"href":"https:\/\/joseherrerafotos.es\/index.php\/wp-json\/wp\/v2\/pages\/1318","targetHints":{"allow":["GET"]}}],"collection":[{"href":"https:\/\/joseherrerafotos.es\/index.php\/wp-json\/wp\/v2\/pages"}],"about":[{"href":"https:\/\/joseherrerafotos.es\/index.php\/wp-json\/wp\/v2\/types\/page"}],"author":[{"embeddable":true,"href":"https:\/\/joseherrerafotos.es\/index.php\/wp-json\/wp\/v2\/users\/1"}],"replies":[{"embeddable":true,"href":"https:\/\/joseherrerafotos.es\/index.php\/wp-json\/wp\/v2\/comments?post=1318"}],"version-history":[{"count":319,"href":"https:\/\/joseherrerafotos.es\/index.php\/wp-json\/wp\/v2\/pages\/1318\/revisions"}],"predecessor-version":[{"id":3186,"href":"https:\/\/joseherrerafotos.es\/index.php\/wp-json\/wp\/v2\/pages\/1318\/revisions\/3186"}],"wp:attachment":[{"href":"https:\/\/joseherrerafotos.es\/index.php\/wp-json\/wp\/v2\/media?parent=1318"}],"curies":[{"name":"wp","href":"https:\/\/api.w.org\/{rel}","templated":true}]}}